{"id":9,"date":"2021-09-13T16:32:45","date_gmt":"2021-09-13T14:32:45","guid":{"rendered":"http:\/\/flatfnatt.duckdns.org\/?page_id=9"},"modified":"2021-09-13T16:34:19","modified_gmt":"2021-09-13T14:34:19","slug":"vara-hundar","status":"publish","type":"page","link":"https:\/\/flatfnatt.duckdns.org\/?page_id=9","title":{"rendered":"V\u00e5ra hundar"},"content":{"rendered":"\n<p>H\u00e4r finns information om v\u00e5ra hundar. B\u00e5de de vi har i flocken idag och v\u00e5ra \u00e4lskade \u00e4nglahundar.<\/p>\n","protected":false},"excerpt":{"rendered":"<p>H\u00e4r finns information om v\u00e5ra hundar. B\u00e5de de vi har i flocken idag och v\u00e5ra \u00e4lskade \u00e4nglahundar.<\/p>\n","protected":false},"author":1,"featured_media":0,"parent":0,"menu_order":0,"comment_status":"closed","ping_status":"closed","template":"","meta":{"footnotes":""},"class_list":["post-9","page","type-page","status-publish"],"_links":{"self":[{"href":"https:\/\/flatfnatt.duckdns.org\/index.php?rest_route=\/wp\/v2\/pages\/9","targetHints":{"allow":["GET"]}}],"collection":[{"href":"https:\/\/flatfnatt.duckdns.org\/index.php?rest_route=\/wp\/v2\/pages"}],"about":[{"href":"https:\/\/flatfnatt.duckdns.org\/index.php?rest_route=\/wp\/v2\/types\/page"}],"author":[{"embeddable":true,"href":"https:\/\/flatfnatt.duckdns.org\/index.php?rest_route=\/wp\/v2\/users\/1"}],"replies":[{"embeddable":true,"href":"https:\/\/flatfnatt.duckdns.org\/index.php?rest_route=%2Fwp%2Fv2%2Fcomments&post=9"}],"version-history":[{"count":2,"href":"https:\/\/flatfnatt.duckdns.org\/index.php?rest_route=\/wp\/v2\/pages\/9\/revisions"}],"predecessor-version":[{"id":12,"href":"https:\/\/flatfnatt.duckdns.org\/index.php?rest_route=\/wp\/v2\/pages\/9\/revisions\/12"}],"wp:attachment":[{"href":"https:\/\/flatfnatt.duckdns.org\/index.php?rest_route=%2Fwp%2Fv2%2Fmedia&parent=9"}],"curies":[{"name":"wp","href":"https:\/\/api.w.org\/{rel}","templated":true}]}}