{"id":292,"date":"2021-09-20T16:43:28","date_gmt":"2021-09-20T14:43:28","guid":{"rendered":"http:\/\/flatfnatt.duckdns.org\/?page_id=292"},"modified":"2021-09-20T16:43:29","modified_gmt":"2021-09-20T14:43:29","slug":"viltspar-torkel","status":"publish","type":"page","link":"https:\/\/flatfnatt.duckdns.org\/?page_id=292","title":{"rendered":"Viltsp\u00e5r &#8211; Torkel"},"content":{"rendered":"\n\n<table id=\"tablepress-9\" class=\"tablepress tablepress-id-9\">\n<thead>\n<tr class=\"row-1\">\n\t<th class=\"column-1\">Anlagsklass<\/th><td class=\"column-2\"><\/td>\n<\/tr>\n<\/thead>\n<tbody class=\"row-striping row-hover\">\n<tr class=\"row-2\">\n\t<td class=\"column-1\">Provdag<\/td><td class=\"column-2\">2008-06-30<\/td>\n<\/tr>\n<tr class=\"row-3\">\n\t<td class=\"column-1\">Klockan<\/td><td class=\"column-2\">193.0<\/td>\n<\/tr>\n<tr class=\"row-4\">\n\t<td class=\"column-1\">Provort<\/td><td class=\"column-2\">Bollebygd<\/td>\n<\/tr>\n<tr class=\"row-5\">\n\t<td class=\"column-1\">Domare<\/td><td class=\"column-2\">Berth Nilsson<\/td>\n<\/tr>\n<tr class=\"row-6\">\n\t<td class=\"column-1\">Vind<\/td><td class=\"column-2\">medel<\/td>\n<\/tr>\n<tr class=\"row-7\">\n\t<td class=\"column-1\">Nederb\u00f6rd<\/td><td class=\"column-2\">-<\/td>\n<\/tr>\n<tr class=\"row-8\">\n\t<td class=\"column-1\">Temperatur<\/td><td class=\"column-2\">+17 ?<\/td>\n<\/tr>\n<tr class=\"row-9\">\n\t<td class=\"column-1\">Terr\u00e4ng<\/td><td class=\"column-2\">Blandskog, Kuperat<\/td>\n<\/tr>\n<tr class=\"row-10\">\n\t<td class=\"column-1\">Start \/ Str\u00e4cka 1<\/td><td class=\"column-2\">Tar snabbt an sp\u00e5ret. Klarar utan problem.<\/td>\n<\/tr>\n<tr class=\"row-11\">\n\t<td class=\"column-1\">Vinkel 1<\/td><td class=\"column-2\">Tar direkt.<\/td>\n<\/tr>\n<tr class=\"row-12\">\n\t<td class=\"column-1\">Str\u00e4cka 2<\/td><td class=\"column-2\">Klarar utan problem.<\/td>\n<\/tr>\n<tr class=\"row-13\">\n\t<td class=\"column-1\">Vinkel 2<\/td><td class=\"column-2\">Genar.<\/td>\n<\/tr>\n<tr class=\"row-14\">\n\t<td class=\"column-1\">Str\u00e4cka 3<\/td><td class=\"column-2\">G\u00e5r i vind parallellt med sp\u00e5ret.<\/td>\n<\/tr>\n<tr class=\"row-15\">\n\t<td class=\"column-1\">Vinkel 3<\/td><td class=\"column-2\">Genar.<\/td>\n<\/tr>\n<tr class=\"row-16\">\n\t<td class=\"column-1\">Str\u00e4cka 4<\/td><td class=\"column-2\">Jobbar i vind. OK.<\/td>\n<\/tr>\n<tr class=\"row-17\">\n\t<td class=\"column-1\">Vinkel 4<\/td><td class=\"column-2\">Tar direkt.<\/td>\n<\/tr>\n<tr class=\"row-18\">\n\t<td class=\"column-1\">Str\u00e4cka 5 \/ Sp\u00e5rslut<\/td><td class=\"column-2\">Klarar utan problem. Direkt p\u00e5.<\/td>\n<\/tr>\n<tr class=\"row-19\">\n\t<td class=\"column-1\">Bloduppeh\u00e5ll<\/td><td class=\"column-2\">Rakstr\u00e4cka : 4<br\/>Vinkel : -<br7>\u00c5terg\u00e5ng : -<\/td>\n<\/tr>\n<tr class=\"row-20\">\n\t<td class=\"column-1\">Sp\u00e5rtapp<\/td><td class=\"column-2\">Mindre : -<br\/>L\u00e5ngvarigt : -<\/td>\n<\/tr>\n<tr class=\"row-21\">\n\t<td class=\"column-1\">Sp\u00e5rningsf\u00f6rm\u00e5ga<\/td><td class=\"column-2\">Utm\u00e4rkt<\/td>\n<\/tr>\n<tr class=\"row-22\">\n\t<td class=\"column-1\">Arbetstempo<\/td><td class=\"column-2\">L\u00e4mpligt<\/td>\n<\/tr>\n<tr class=\"row-23\">\n\t<td class=\"column-1\">Sj\u00e4lvst\u00e4ndighet<\/td><td class=\"column-2\">St\u00f6d<\/td>\n<\/tr>\n<tr class=\"row-24\">\n\t<td class=\"column-1\">Skottpr\u00f6vning \u00d6KL<\/td><td class=\"column-2\">-<\/td>\n<\/tr>\n<tr class=\"row-25\">\n\t<td class=\"column-1\">Sp\u00e5rtid<\/td><td class=\"column-2\">18 min<\/td>\n<\/tr>\n<tr class=\"row-26\">\n\t<td class=\"column-1\">Allm\u00e4nt omd\u00f6me<\/td><td class=\"column-2\">En hane som l\u00f6ser sin uppgift utan problem. Sp\u00e5rar b\u00e4ttre n\u00e4r det vindar mindre. Fint tempo. \u00d6ppen klass n\u00e4sta.<\/td>\n<\/tr>\n<tr class=\"row-27\">\n\t<td class=\"column-1\">Resultat<\/td><td class=\"column-2\">Godk\u00e4nd Anlagsklass<\/td>\n<\/tr>\n<\/tbody>\n<\/table>\n<!-- #tablepress-9 from cache -->\n","protected":false},"excerpt":{"rendered":"","protected":false},"author":1,"featured_media":0,"parent":0,"menu_order":0,"comment_status":"closed","ping_status":"closed","template":"","meta":{"footnotes":""},"class_list":["post-292","page","type-page","status-publish"],"_links":{"self":[{"href":"https:\/\/flatfnatt.duckdns.org\/index.php?rest_route=\/wp\/v2\/pages\/292","targetHints":{"allow":["GET"]}}],"collection":[{"href":"https:\/\/flatfnatt.duckdns.org\/index.php?rest_route=\/wp\/v2\/pages"}],"about":[{"href":"https:\/\/flatfnatt.duckdns.org\/index.php?rest_route=\/wp\/v2\/types\/page"}],"author":[{"embeddable":true,"href":"https:\/\/flatfnatt.duckdns.org\/index.php?rest_route=\/wp\/v2\/users\/1"}],"replies":[{"embeddable":true,"href":"https:\/\/flatfnatt.duckdns.org\/index.php?rest_route=%2Fwp%2Fv2%2Fcomments&post=292"}],"version-history":[{"count":1,"href":"https:\/\/flatfnatt.duckdns.org\/index.php?rest_route=\/wp\/v2\/pages\/292\/revisions"}],"predecessor-version":[{"id":293,"href":"https:\/\/flatfnatt.duckdns.org\/index.php?rest_route=\/wp\/v2\/pages\/292\/revisions\/293"}],"wp:attachment":[{"href":"https:\/\/flatfnatt.duckdns.org\/index.php?rest_route=%2Fwp%2Fv2%2Fmedia&parent=292"}],"curies":[{"name":"wp","href":"https:\/\/api.w.org\/{rel}","templated":true}]}}