{"id":286,"date":"2021-09-20T16:41:23","date_gmt":"2021-09-20T14:41:23","guid":{"rendered":"http:\/\/flatfnatt.duckdns.org\/?page_id=286"},"modified":"2021-09-20T16:41:23","modified_gmt":"2021-09-20T14:41:23","slug":"om-torkel","status":"publish","type":"page","link":"https:\/\/flatfnatt.duckdns.org\/?page_id=286","title":{"rendered":"Om Torkel"},"content":{"rendered":"\n\n<table id=\"tablepress-4\" class=\"tablepress tablepress-id-4\">\n<thead>\n<tr class=\"row-1\">\n\t<th class=\"column-1\">FAKTA<\/th><th class=\"column-2\"><!-- Last updated 2014-09-11 --><\/th>\n<\/tr>\n<\/thead>\n<tbody class=\"row-striping row-hover\">\n<tr class=\"row-2\">\n\t<td class=\"column-1\">Ras<\/td><td class=\"column-2\">Flatcoated Retriever<\/td>\n<\/tr>\n<tr class=\"row-3\">\n\t<td class=\"column-1\">K\u00f6n<\/td><td class=\"column-2\">Hane<\/td>\n<\/tr>\n<tr class=\"row-4\">\n\t<td class=\"column-1\">Namn<\/td><td class=\"column-2\">Flatterhaft Torkel Med Snorkel<\/td>\n<\/tr>\n<tr class=\"row-5\">\n\t<td class=\"column-1\">F\u00f6dd<\/td><td class=\"column-2\">2006-05-04<\/td>\n<\/tr>\n<tr class=\"row-6\">\n\t<td class=\"column-1\">D\u00f6d<\/td><td class=\"column-2\">2014-03-21<\/td>\n<\/tr>\n<tr class=\"row-7\">\n\t<td class=\"column-1\">Reg.Nr.<\/td><td class=\"column-2\">S39579\/2006<\/td>\n<\/tr>\n<tr class=\"row-8\">\n\t<td class=\"column-1\">Uppf\u00f6dare<\/td><td class=\"column-2\">Anneli Karlsson, Olsfors (Kennel Flatterhaft)<\/td>\n<\/tr>\n<tr class=\"row-9\">\n\t<td class=\"column-1\">Far<\/td><td class=\"column-2\">SE U(U)CH Flatterhaft Funny Fly<\/td>\n<\/tr>\n<tr class=\"row-10\">\n\t<td class=\"column-1\">Mor<\/td><td class=\"column-2\">SE VCH Flatterhaft Love of My Life<\/td>\n<\/tr>\n<tr class=\"row-11\">\n\t<td class=\"column-1\">F\u00e4rg<\/td><td class=\"column-2\">Bb, b\u00e4r p\u00e5 svart och brunt<\/td>\n<\/tr>\n<tr class=\"row-12\">\n\t<td class=\"column-1\">HD<\/td><td class=\"column-2\">Grad A<\/td>\n<\/tr>\n<tr class=\"row-13\">\n\t<td class=\"column-1\">ED<\/td><td class=\"column-2\">UA (0)<\/td>\n<\/tr>\n<tr class=\"row-14\">\n\t<td class=\"column-1\">\u00d6gon<\/td><td class=\"column-2\">Ej \u00f6gonlyst<\/td>\n<\/tr>\n<tr class=\"row-15\">\n\t<td class=\"column-1\">Mankh\u00f6jd<\/td><td class=\"column-2\">-<\/td>\n<\/tr>\n<\/tbody>\n<\/table>\n<!-- #tablepress-4 from cache -->\n\n\n\n\n<table id=\"tablepress-5\" class=\"tablepress tablepress-id-5\">\n<thead>\n<tr class=\"row-1\">\n\t<th class=\"column-1\">MERITER<\/th><th class=\"column-2\"><!-- Last updated 2014-09-11 --><\/th>\n<\/tr>\n<\/thead>\n<tbody class=\"row-striping row-hover\">\n<tr class=\"row-2\">\n\t<td class=\"column-1\">Viltsp\u00e5r<\/td><td class=\"column-2\">Godk\u00e4nt anlagsprov<\/td>\n<\/tr>\n<tr class=\"row-3\">\n\t<td class=\"column-1\">Bruks<\/td><td class=\"column-2\">Godk\u00e4nt MH med skott<\/td>\n<\/tr>\n<tr class=\"row-4\">\n\t<td class=\"column-1\">Utst\u00e4llning<\/td><td class=\"column-2\">Flera CK och klassvinster<br\/><br\/>2 x R-CERT (2012-08-12, 2013-05-25)<br\/><br\/>1 x R-CACIB (2013-11-02)<\/td>\n<\/tr>\n<tr class=\"row-5\">\n\t<td class=\"column-1\">\u00d6vrigt<\/td><td class=\"column-2\">Blodgivare p\u00e5 V\u00e4stra Djursjukhuset i G\u00f6teborg<\/td>\n<\/tr>\n<\/tbody>\n<\/table>\n<!-- #tablepress-5 from cache -->\n","protected":false},"excerpt":{"rendered":"","protected":false},"author":1,"featured_media":0,"parent":0,"menu_order":0,"comment_status":"closed","ping_status":"closed","template":"","meta":{"footnotes":""},"class_list":["post-286","page","type-page","status-publish"],"_links":{"self":[{"href":"https:\/\/flatfnatt.duckdns.org\/index.php?rest_route=\/wp\/v2\/pages\/286","targetHints":{"allow":["GET"]}}],"collection":[{"href":"https:\/\/flatfnatt.duckdns.org\/index.php?rest_route=\/wp\/v2\/pages"}],"about":[{"href":"https:\/\/flatfnatt.duckdns.org\/index.php?rest_route=\/wp\/v2\/types\/page"}],"author":[{"embeddable":true,"href":"https:\/\/flatfnatt.duckdns.org\/index.php?rest_route=\/wp\/v2\/users\/1"}],"replies":[{"embeddable":true,"href":"https:\/\/flatfnatt.duckdns.org\/index.php?rest_route=%2Fwp%2Fv2%2Fcomments&post=286"}],"version-history":[{"count":1,"href":"https:\/\/flatfnatt.duckdns.org\/index.php?rest_route=\/wp\/v2\/pages\/286\/revisions"}],"predecessor-version":[{"id":287,"href":"https:\/\/flatfnatt.duckdns.org\/index.php?rest_route=\/wp\/v2\/pages\/286\/revisions\/287"}],"wp:attachment":[{"href":"https:\/\/flatfnatt.duckdns.org\/index.php?rest_route=%2Fwp%2Fv2%2Fmedia&parent=286"}],"curies":[{"name":"wp","href":"https:\/\/api.w.org\/{rel}","templated":true}]}}