{"id":260,"date":"2021-09-20T16:26:09","date_gmt":"2021-09-20T14:26:09","guid":{"rendered":"http:\/\/flatfnatt.duckdns.org\/?page_id=260"},"modified":"2021-09-20T16:26:09","modified_gmt":"2021-09-20T14:26:09","slug":"viltspar-neo","status":"publish","type":"page","link":"https:\/\/flatfnatt.duckdns.org\/?page_id=260","title":{"rendered":"Viltsp\u00e5r Neo"},"content":{"rendered":"\n\n<table id=\"tablepress-38\" class=\"tablepress tablepress-id-38\">\n<thead>\n<tr class=\"row-1\">\n\t<th class=\"column-1\">\u00d6ppenklass<\/th><td class=\"column-2\"><\/td>\n<\/tr>\n<\/thead>\n<tbody class=\"row-striping row-hover\">\n<tr class=\"row-2\">\n\t<td class=\"column-1\">Provdag<\/td><td class=\"column-2\">2016-12-28<\/td>\n<\/tr>\n<tr class=\"row-3\">\n\t<td class=\"column-1\">Klockan<\/td><td class=\"column-2\">14.30<\/td>\n<\/tr>\n<tr class=\"row-4\">\n\t<td class=\"column-1\">Provort<\/td><td class=\"column-2\">Skepplanda<\/td>\n<\/tr>\n<tr class=\"row-5\">\n\t<td class=\"column-1\">Domare<\/td><td class=\"column-2\">Maths Lindberg<\/td>\n<\/tr>\n<tr class=\"row-6\">\n\t<td class=\"column-1\">V\u00e4der vid sp\u00e5rl\u00e4ggning\t<\/td><td class=\"column-2\">Temp: +4 \u2103<br \/>\nNederb\u00f6rd: -<br \/>\nVind: L\u00e4tt<\/td>\n<\/tr>\n<tr class=\"row-7\">\n\t<td class=\"column-1\">V\u00e4der vid provtillf\u00e4lltet<\/td><td class=\"column-2\">Temp: +3 \u2103<br \/>\nNederb\u00f6rd: -<br \/>\nVind: L\u00e4tt<\/td>\n<\/tr>\n<tr class=\"row-8\">\n\t<td class=\"column-1\">Terr\u00e4ng<\/td><td class=\"column-2\">Barrskog, L\u00f6vskog, T\u00e4tningar, Myr-\/mossmark, \u00d6ppen mark\/\u00e5ker, Kuperat<br \/>\n<\/td>\n<\/tr>\n<tr class=\"row-9\">\n\t<td class=\"column-1\">Sp\u00e5rstart<\/td><td class=\"column-2\">Tar an sp\u00e5ret bra<\/td>\n<\/tr>\n<tr class=\"row-10\">\n\t<td class=\"column-1\">Str\u00e4cka 1<\/td><td class=\"column-2\">Klarar utan tvekan<\/td>\n<\/tr>\n<tr class=\"row-11\">\n\t<td class=\"column-1\">Vinkel 1<\/td><td class=\"column-2\">Klarar med ringning<\/td>\n<\/tr>\n<tr class=\"row-12\">\n\t<td class=\"column-1\">Str\u00e4cka 2<\/td><td class=\"column-2\">Klarar utan tvekan<\/td>\n<\/tr>\n<tr class=\"row-13\">\n\t<td class=\"column-1\">Vinkel 2<\/td><td class=\"column-2\">Klarar med ringning<\/td>\n<\/tr>\n<tr class=\"row-14\">\n\t<td class=\"column-1\">Str\u00e4cka 3<\/td><td class=\"column-2\">Klarar utan tvekan<\/td>\n<\/tr>\n<tr class=\"row-15\">\n\t<td class=\"column-1\">Vinkel 3<\/td><td class=\"column-2\">Klarar utan tvekan<\/td>\n<\/tr>\n<tr class=\"row-16\">\n\t<td class=\"column-1\">Str\u00e4cka 4<\/td><td class=\"column-2\">Klarar utan tvekan<\/td>\n<\/tr>\n<tr class=\"row-17\">\n\t<td class=\"column-1\">Vinkel 4<\/td><td class=\"column-2\">Klarar med ringning<\/td>\n<\/tr>\n<tr class=\"row-18\">\n\t<td class=\"column-1\">Str\u00e4cka 5<\/td><td class=\"column-2\">Klarar utan tvekan<\/td>\n<\/tr>\n<tr class=\"row-19\">\n\t<td class=\"column-1\">Sp\u00e5rslut<\/td><td class=\"column-2\">Klarar utan tvekan<\/td>\n<\/tr>\n<tr class=\"row-20\">\n\t<td class=\"column-1\">Sp\u00e5rningsf\u00f6rm\u00e5ga<\/td><td class=\"column-2\">Utm\u00e4rkt<\/td>\n<\/tr>\n<tr class=\"row-21\">\n\t<td class=\"column-1\">Arbetstempo<\/td><td class=\"column-2\">L\u00e4mpligt<\/td>\n<\/tr>\n<tr class=\"row-22\">\n\t<td class=\"column-1\">Sj\u00e4lvst\u00e4ndighet<\/td><td class=\"column-2\">Ej beh\u00f6vt ingripande\/hj\u00e4lp<\/td>\n<\/tr>\n<tr class=\"row-23\">\n\t<td class=\"column-1\">Skottpr\u00f6vning<\/td><td class=\"column-2\">Godk\u00e4nd<\/td>\n<\/tr>\n<tr class=\"row-24\">\n\t<td class=\"column-1\">Sp\u00e5rtid<\/td><td class=\"column-2\">21 min<\/td>\n<\/tr>\n<tr class=\"row-25\">\n\t<td class=\"column-1\">Provf\u00f6rlopp<\/td><td class=\"column-2\">\u00c4ldre hund som fokuserar fr\u00e5n b\u00f6rjan till slut. Bra sp\u00e5rhund. Skott ua.<\/td>\n<\/tr>\n<tr class=\"row-26\">\n\t<td class=\"column-1\">Resultat<\/td><td class=\"column-2\">1:a pris<\/td>\n<\/tr>\n<\/tbody>\n<\/table>\n<!-- #tablepress-38 from cache -->\n\n\n\n\n<table id=\"tablepress-8\" class=\"tablepress tablepress-id-8\">\n<thead>\n<tr class=\"row-1\">\n\t<th class=\"column-1\">Anlagsklass<\/th><td class=\"column-2\"><\/td>\n<\/tr>\n<\/thead>\n<tbody class=\"row-striping row-hover\">\n<tr class=\"row-2\">\n\t<td class=\"column-1\">Provdag<\/td><td class=\"column-2\">2008-06-30<\/td>\n<\/tr>\n<tr class=\"row-3\">\n\t<td class=\"column-1\">Klockan<\/td><td class=\"column-2\">19.00<\/td>\n<\/tr>\n<tr class=\"row-4\">\n\t<td class=\"column-1\">Provort<\/td><td class=\"column-2\">Bollebygd<\/td>\n<\/tr>\n<tr class=\"row-5\">\n\t<td class=\"column-1\">Domare<\/td><td class=\"column-2\">Berth Nilsson<\/td>\n<\/tr>\n<tr class=\"row-6\">\n\t<td class=\"column-1\">Vind<\/td><td class=\"column-2\">medel<\/td>\n<\/tr>\n<tr class=\"row-7\">\n\t<td class=\"column-1\">Nederb\u00f6rd<\/td><td class=\"column-2\">-<\/td>\n<\/tr>\n<tr class=\"row-8\">\n\t<td class=\"column-1\">Temperatur<\/td><td class=\"column-2\">+17 ?<\/td>\n<\/tr>\n<tr class=\"row-9\">\n\t<td class=\"column-1\">Terr\u00e4ng<\/td><td class=\"column-2\">Blandskog, Kuperat<\/td>\n<\/tr>\n<tr class=\"row-10\">\n\t<td class=\"column-1\">Start \/ Str\u00e4cka 1<\/td><td class=\"column-2\">Lite tveksam start. G\u00f6r en liten avstickare i slutet. L\u00f6ser.<\/td>\n<\/tr>\n<tr class=\"row-11\">\n\t<td class=\"column-1\">Vinkel 1<\/td><td class=\"column-2\">Genar.<\/td>\n<\/tr>\n<tr class=\"row-12\">\n\t<td class=\"column-1\">Str\u00e4cka 2<\/td><td class=\"column-2\">Klarar utan problem.<\/td>\n<\/tr>\n<tr class=\"row-13\">\n\t<td class=\"column-1\">Vinkel 2<\/td><td class=\"column-2\">Tar direkt.<\/td>\n<\/tr>\n<tr class=\"row-14\">\n\t<td class=\"column-1\">Str\u00e4cka 3<\/td><td class=\"column-2\">Kryssar. Klarar bra.<\/td>\n<\/tr>\n<tr class=\"row-15\">\n\t<td class=\"column-1\">Vinkel 3<\/td><td class=\"column-2\">Tar direkt.<\/td>\n<\/tr>\n<tr class=\"row-16\">\n\t<td class=\"column-1\">Str\u00e4cka 4<\/td><td class=\"column-2\">Kryssar. L\u00f6ser utan problem.<\/td>\n<\/tr>\n<tr class=\"row-17\">\n\t<td class=\"column-1\">Vinkel 4<\/td><td class=\"column-2\">Tar direkt.<\/td>\n<\/tr>\n<tr class=\"row-18\">\n\t<td class=\"column-1\">Str\u00e4cka 5 \/ Sp\u00e5rslut<\/td><td class=\"column-2\">Klarar utan problem. Direkt p\u00e5 slut.<\/td>\n<\/tr>\n<tr class=\"row-19\">\n\t<td class=\"column-1\">Bloduppeh\u00e5ll<\/td><td class=\"column-2\">Rakstr\u00e4cka : 3<br\/>Vinkel : -<br\/>\u00c5terg\u00e5ng : -<\/td>\n<\/tr>\n<tr class=\"row-20\">\n\t<td class=\"column-1\">Sp\u00e5rtapp<\/td><td class=\"column-2\">Mindre : -<br\/>L\u00e5ngvarigt : -<\/td>\n<\/tr>\n<tr class=\"row-21\">\n\t<td class=\"column-1\">Sp\u00e5rningsf\u00f6rm\u00e5ga<\/td><td class=\"column-2\">Utm\u00e4rkt<\/td>\n<\/tr>\n<tr class=\"row-22\">\n\t<td class=\"column-1\">Arbetstempo<\/td><td class=\"column-2\">L\u00e4mpligt<\/td>\n<\/tr>\n<tr class=\"row-23\">\n\t<td class=\"column-1\">Sj\u00e4lvst\u00e4ndighet<\/td><td class=\"column-2\">St\u00f6d<\/td>\n<\/tr>\n<tr class=\"row-24\">\n\t<td class=\"column-1\">Skottpr\u00f6vning \u00d6KL<\/td><td class=\"column-2\">-<\/td>\n<\/tr>\n<tr class=\"row-25\">\n\t<td class=\"column-1\">Sp\u00e5rtid<\/td><td class=\"column-2\">17 min<\/td>\n<\/tr>\n<tr class=\"row-26\">\n\t<td class=\"column-1\">Allm\u00e4nt omd\u00f6me<\/td><td class=\"column-2\">En hane som sp\u00e5rar lugnt och fint. Har ett kryssande arbetss\u00e4tt. Har inga problem. \u00d6ppen klass v\u00e4ntar.<\/td>\n<\/tr>\n<tr class=\"row-27\">\n\t<td class=\"column-1\">Resultat<\/td><td class=\"column-2\">Godk\u00e4nd Anlagsklass<\/td>\n<\/tr>\n<\/tbody>\n<\/table>\n<!-- #tablepress-8 from cache -->\n","protected":false},"excerpt":{"rendered":"","protected":false},"author":1,"featured_media":0,"parent":0,"menu_order":0,"comment_status":"closed","ping_status":"closed","template":"","meta":{"footnotes":""},"class_list":["post-260","page","type-page","status-publish"],"_links":{"self":[{"href":"https:\/\/flatfnatt.duckdns.org\/index.php?rest_route=\/wp\/v2\/pages\/260","targetHints":{"allow":["GET"]}}],"collection":[{"href":"https:\/\/flatfnatt.duckdns.org\/index.php?rest_route=\/wp\/v2\/pages"}],"about":[{"href":"https:\/\/flatfnatt.duckdns.org\/index.php?rest_route=\/wp\/v2\/types\/page"}],"author":[{"embeddable":true,"href":"https:\/\/flatfnatt.duckdns.org\/index.php?rest_route=\/wp\/v2\/users\/1"}],"replies":[{"embeddable":true,"href":"https:\/\/flatfnatt.duckdns.org\/index.php?rest_route=%2Fwp%2Fv2%2Fcomments&post=260"}],"version-history":[{"count":1,"href":"https:\/\/flatfnatt.duckdns.org\/index.php?rest_route=\/wp\/v2\/pages\/260\/revisions"}],"predecessor-version":[{"id":261,"href":"https:\/\/flatfnatt.duckdns.org\/index.php?rest_route=\/wp\/v2\/pages\/260\/revisions\/261"}],"wp:attachment":[{"href":"https:\/\/flatfnatt.duckdns.org\/index.php?rest_route=%2Fwp%2Fv2%2Fmedia&parent=260"}],"curies":[{"name":"wp","href":"https:\/\/api.w.org\/{rel}","templated":true}]}}