{"id":253,"date":"2021-09-20T16:23:14","date_gmt":"2021-09-20T14:23:14","guid":{"rendered":"http:\/\/flatfnatt.duckdns.org\/?page_id=253"},"modified":"2021-09-20T16:23:14","modified_gmt":"2021-09-20T14:23:14","slug":"om-neo","status":"publish","type":"page","link":"https:\/\/flatfnatt.duckdns.org\/?page_id=253","title":{"rendered":"Om Neo"},"content":{"rendered":"\n\n<table id=\"tablepress-2\" class=\"tablepress tablepress-id-2\">\n<thead>\n<tr class=\"row-1\">\n\t<th class=\"column-1\">FAKTA<\/th><th class=\"column-2\"><!-- Last updated 2017-06-04 --><\/th>\n<\/tr>\n<\/thead>\n<tbody class=\"row-striping row-hover\">\n<tr class=\"row-2\">\n\t<td class=\"column-1\">Ras<\/td><td class=\"column-2\">Flatcoated Retriever<\/td>\n<\/tr>\n<tr class=\"row-3\">\n\t<td class=\"column-1\">K\u00f6n<\/td><td class=\"column-2\">Hane<\/td>\n<\/tr>\n<tr class=\"row-4\">\n\t<td class=\"column-1\">Namn<\/td><td class=\"column-2\">C.I.E. KBHV-12 SE U(U) CH Flatterhaft New Year Resolution<\/td>\n<\/tr>\n<tr class=\"row-5\">\n\t<td class=\"column-1\">F\u00f6dd<\/td><td class=\"column-2\">2007-01-01<\/td>\n<\/tr>\n<tr class=\"row-6\">\n\t<td class=\"column-1\">D\u00f6d<\/td><td class=\"column-2\">2017-05-18<\/td>\n<\/tr>\n<tr class=\"row-7\">\n\t<td class=\"column-1\">Reg.Nr.<\/td><td class=\"column-2\">S16679\/2007<\/td>\n<\/tr>\n<tr class=\"row-8\">\n\t<td class=\"column-1\">Uppf\u00f6dare<\/td><td class=\"column-2\">Anneli Karlsson, Olsfors (Kennel Flatterhaft)<\/td>\n<\/tr>\n<tr class=\"row-9\">\n\t<td class=\"column-1\">Far<\/td><td class=\"column-2\">NO UCH NORD V-07 SE U(U)CH Branchalwood Aylancoll (Colin)<\/td>\n<\/tr>\n<tr class=\"row-10\">\n\t<td class=\"column-1\">Mor<\/td><td class=\"column-2\">SE U(U)CH Flatterhaft Nissan Micra (Micra)<\/td>\n<\/tr>\n<tr class=\"row-11\">\n\t<td class=\"column-1\">F\u00e4rg<\/td><td class=\"column-2\">BBEE (Endast svarta anlag)<\/td>\n<\/tr>\n<tr class=\"row-12\">\n\t<td class=\"column-1\">HD<\/td><td class=\"column-2\">Grad A<\/td>\n<\/tr>\n<tr class=\"row-13\">\n\t<td class=\"column-1\">ED<\/td><td class=\"column-2\">UA (0)<\/td>\n<\/tr>\n<tr class=\"row-14\">\n\t<td class=\"column-1\">\u00d6gon<\/td><td class=\"column-2\">Katarakt, partiell cortex fr\u00e4mre Y-s\u00f6m, lindrig.<\/td>\n<\/tr>\n<tr class=\"row-15\">\n\t<td class=\"column-1\">Mankh\u00f6jd<\/td><td class=\"column-2\">61 cm<\/td>\n<\/tr>\n<\/tbody>\n<\/table>\n<!-- #tablepress-2 from cache -->\n\n\n\n\n<table id=\"tablepress-3\" class=\"tablepress tablepress-id-3\">\n<thead>\n<tr class=\"row-1\">\n\t<th class=\"column-1\">MERITER<\/th><th class=\"column-2\"><!-- Last updated 2018-10-14 --><\/th>\n<\/tr>\n<\/thead>\n<tbody class=\"row-striping row-hover\">\n<tr class=\"row-2\">\n\t<td class=\"column-1\">Jaktprov<\/td><td class=\"column-2\">2:e pris i nyb\u00f6rjarklass<br\/>3:e pris i nyb\u00f6rjarklass<\/td>\n<\/tr>\n<tr class=\"row-3\">\n\t<td class=\"column-1\">Viltsp\u00e5r<\/td><td class=\"column-2\">Godk\u00e4nt anlagsprov<br\/>1:a \u00f6ppenklass<\/td>\n<\/tr>\n<tr class=\"row-4\">\n\t<td class=\"column-1\">Bruks<\/td><td class=\"column-2\">Godk\u00e4nt MH med skott<\/td>\n<\/tr>\n<tr class=\"row-5\">\n\t<td class=\"column-1\">Utst\u00e4llning<\/td><td class=\"column-2\">C.I.E. (2014-01-06)<br\/><br\/>Svensk Champion (2009-02-08)<br\/><br\/>KBHV-12 (K\u00f6penhamsvinnare 2012)<br\/><br\/>4 x CACIB (2012-06-17 DK, 2012-10-20 PL, 2013-11-02 DK, 2014-01-06 SE)<br\/><br\/>1 x R-CACIB (2014-06-08 SE)<br\/><br\/>3 x CERT (2008-04-05, 2008-06-29, 2009-02-08)<br\/><br\/>1 x Polskt CERT (2012-10-20)<br\/><br\/>1 x Danskt CERT (2013-11-02)<br\/><br\/>5 x BIS-Jakt (SSRK)<br\/><br\/>BIS-2 (SSRK)<br\/><br\/>3 x BIS-3 (SSRK)<br\/><br\/>2 x BIS-BIM (SSRK)<br\/><br\/>1 x BIS-BIM-2 (SSRK)<br\/><br\/>1 x BIG (SKK)<br\/><br\/>8 x BIR (SKK &amp; SSRK) (2010-10-24, 2011-08-27, 2012-08-12, 2012-11-10, 2013-05-26, 2013-08-25, 2014-02-09, 2014-08-31)<br\/><br\/>8 x BIM (SKK &amp; SSRK) (2009-02-08, 2009-03-01, 2010-05-29, 2011-07-03, 2012-04-14, 2012-08-26, 2013-07-06, 2014-01-06)<br\/><br\/>1 x BIR (DKK) (2013-11-02)<br\/><br\/>1 x BIM (DKK) (2012-06-17)<br\/><br\/>96 CK<br\/><br\/>BIR valp II (SKK)<br\/><br\/>Varit med i BIS-vinnande avelsgrupp med Branchalwood Aylancoll (SKK Bor\u00e5s)<br\/><br\/>Varit med i flera BIS-vinnande uppf\u00f6dargrupper (SSRK &amp; SKK)<\/td>\n<\/tr>\n<tr class=\"row-6\">\n\t<td class=\"column-1\">\u00d6vrigt<\/td><td class=\"column-2\">Blodgivare p\u00e5 V\u00e4stra Djursjukhuset i G\u00f6teborg<\/td>\n<\/tr>\n<\/tbody>\n<\/table>\n<!-- #tablepress-3 from cache -->\n","protected":false},"excerpt":{"rendered":"","protected":false},"author":1,"featured_media":0,"parent":0,"menu_order":0,"comment_status":"closed","ping_status":"closed","template":"","meta":{"footnotes":""},"class_list":["post-253","page","type-page","status-publish"],"_links":{"self":[{"href":"https:\/\/flatfnatt.duckdns.org\/index.php?rest_route=\/wp\/v2\/pages\/253","targetHints":{"allow":["GET"]}}],"collection":[{"href":"https:\/\/flatfnatt.duckdns.org\/index.php?rest_route=\/wp\/v2\/pages"}],"about":[{"href":"https:\/\/flatfnatt.duckdns.org\/index.php?rest_route=\/wp\/v2\/types\/page"}],"author":[{"embeddable":true,"href":"https:\/\/flatfnatt.duckdns.org\/index.php?rest_route=\/wp\/v2\/users\/1"}],"replies":[{"embeddable":true,"href":"https:\/\/flatfnatt.duckdns.org\/index.php?rest_route=%2Fwp%2Fv2%2Fcomments&post=253"}],"version-history":[{"count":1,"href":"https:\/\/flatfnatt.duckdns.org\/index.php?rest_route=\/wp\/v2\/pages\/253\/revisions"}],"predecessor-version":[{"id":254,"href":"https:\/\/flatfnatt.duckdns.org\/index.php?rest_route=\/wp\/v2\/pages\/253\/revisions\/254"}],"wp:attachment":[{"href":"https:\/\/flatfnatt.duckdns.org\/index.php?rest_route=%2Fwp%2Fv2%2Fmedia&parent=253"}],"curies":[{"name":"wp","href":"https:\/\/api.w.org\/{rel}","templated":true}]}}