{"id":215,"date":"2021-09-20T16:00:07","date_gmt":"2021-09-20T14:00:07","guid":{"rendered":"http:\/\/flatfnatt.duckdns.org\/?page_id=215"},"modified":"2021-09-20T16:00:07","modified_gmt":"2021-09-20T14:00:07","slug":"viltspar-devil","status":"publish","type":"page","link":"https:\/\/flatfnatt.duckdns.org\/?page_id=215","title":{"rendered":"Viltsp\u00e5r Devil"},"content":{"rendered":"\n\n<table id=\"tablepress-39\" class=\"tablepress tablepress-id-39\">\n<thead>\n<tr class=\"row-1\">\n\t<th class=\"column-1\">Anlagsprov<\/th><td class=\"column-2\"><\/td>\n<\/tr>\n<\/thead>\n<tbody class=\"row-striping row-hover\">\n<tr class=\"row-2\">\n\t<td class=\"column-1\">Provdag<\/td><td class=\"column-2\">2016-12-12<\/td>\n<\/tr>\n<tr class=\"row-3\">\n\t<td class=\"column-1\">Klockan<\/td><td class=\"column-2\">11.30<\/td>\n<\/tr>\n<tr class=\"row-4\">\n\t<td class=\"column-1\">Provort<\/td><td class=\"column-2\">Skepplanda<\/td>\n<\/tr>\n<tr class=\"row-5\">\n\t<td class=\"column-1\">Domare<\/td><td class=\"column-2\">Maths Lindberg<\/td>\n<\/tr>\n<tr class=\"row-6\">\n\t<td class=\"column-1\">V\u00e4der vid sp\u00e5rl\u00e4ggning<\/td><td class=\"column-2\">Temp: -4 \u2103<br \/>\nNederb\u00f6rd: -<br \/>\nVind: L\u00e4tt<\/td>\n<\/tr>\n<tr class=\"row-7\">\n\t<td class=\"column-1\">V\u00e4der vid provtillf\u00e4llter<\/td><td class=\"column-2\">Temp: -4 \u2103<br \/>\nNederb\u00f6rd: -<br \/>\nVind: L\u00e4tt<\/td>\n<\/tr>\n<tr class=\"row-8\">\n\t<td class=\"column-1\">Terr\u00e4ng<\/td><td class=\"column-2\">Barrskog, L\u00f6vskog, T\u00e4tningar, Myr-\/mossmark, \u00d6ppen mark\/\u00e5ker, Kuperat<\/td>\n<\/tr>\n<tr class=\"row-9\">\n\t<td class=\"column-1\">Skottpr\u00f6vning<\/td><td class=\"column-2\">-<\/td>\n<\/tr>\n<tr class=\"row-10\">\n\t<td class=\"column-1\">Sp\u00e5rtid<\/td><td class=\"column-2\">25 min<\/td>\n<\/tr>\n<tr class=\"row-11\">\n\t<td class=\"column-1\">Provf\u00f6rlopp<\/td><td class=\"column-2\">Tar an snabbt. Ringar vid alla vinklar. Bra tempo. Mycket viltk\u00e4nning.<\/td>\n<\/tr>\n<tr class=\"row-12\">\n\t<td class=\"column-1\">Resultat<\/td><td class=\"column-2\">Godk\u00e4nt anlag<\/td>\n<\/tr>\n<\/tbody>\n<\/table>\n<!-- #tablepress-39 from cache -->\n","protected":false},"excerpt":{"rendered":"","protected":false},"author":1,"featured_media":0,"parent":0,"menu_order":0,"comment_status":"closed","ping_status":"closed","template":"","meta":{"footnotes":""},"class_list":["post-215","page","type-page","status-publish"],"_links":{"self":[{"href":"https:\/\/flatfnatt.duckdns.org\/index.php?rest_route=\/wp\/v2\/pages\/215","targetHints":{"allow":["GET"]}}],"collection":[{"href":"https:\/\/flatfnatt.duckdns.org\/index.php?rest_route=\/wp\/v2\/pages"}],"about":[{"href":"https:\/\/flatfnatt.duckdns.org\/index.php?rest_route=\/wp\/v2\/types\/page"}],"author":[{"embeddable":true,"href":"https:\/\/flatfnatt.duckdns.org\/index.php?rest_route=\/wp\/v2\/users\/1"}],"replies":[{"embeddable":true,"href":"https:\/\/flatfnatt.duckdns.org\/index.php?rest_route=%2Fwp%2Fv2%2Fcomments&post=215"}],"version-history":[{"count":1,"href":"https:\/\/flatfnatt.duckdns.org\/index.php?rest_route=\/wp\/v2\/pages\/215\/revisions"}],"predecessor-version":[{"id":216,"href":"https:\/\/flatfnatt.duckdns.org\/index.php?rest_route=\/wp\/v2\/pages\/215\/revisions\/216"}],"wp:attachment":[{"href":"https:\/\/flatfnatt.duckdns.org\/index.php?rest_route=%2Fwp%2Fv2%2Fmedia&parent=215"}],"curies":[{"name":"wp","href":"https:\/\/api.w.org\/{rel}","templated":true}]}}