{"id":147,"date":"2021-09-20T13:52:02","date_gmt":"2021-09-20T11:52:02","guid":{"rendered":"http:\/\/flatfnatt.duckdns.org\/?page_id=147"},"modified":"2021-09-20T13:52:02","modified_gmt":"2021-09-20T11:52:02","slug":"viltspar-tage","status":"publish","type":"page","link":"https:\/\/flatfnatt.duckdns.org\/?page_id=147","title":{"rendered":"Viltsp\u00e5r Tage"},"content":{"rendered":"\n\n<table id=\"tablepress-41\" class=\"tablepress tablepress-id-41\">\n<thead>\n<tr class=\"row-1\">\n\t<th class=\"column-1\">Anlagsprov<\/th><td class=\"column-2\"><\/td>\n<\/tr>\n<\/thead>\n<tbody class=\"row-striping row-hover\">\n<tr class=\"row-2\">\n\t<td class=\"column-1\">Provdag<\/td><td class=\"column-2\">2016-12-28<\/td>\n<\/tr>\n<tr class=\"row-3\">\n\t<td class=\"column-1\">Klockan<\/td><td class=\"column-2\">13.30<\/td>\n<\/tr>\n<tr class=\"row-4\">\n\t<td class=\"column-1\">Provort<\/td><td class=\"column-2\">Skepplanda<\/td>\n<\/tr>\n<tr class=\"row-5\">\n\t<td class=\"column-1\">Domare<\/td><td class=\"column-2\">Maths Lindberg<\/td>\n<\/tr>\n<tr class=\"row-6\">\n\t<td class=\"column-1\">V\u00e4der vid sp\u00e5rl\u00e4ggning<\/td><td class=\"column-2\">Temp: +4 \u2103<br \/>\nNederb\u00f6rd: -<br \/>\nVind: L\u00e4tt<\/td>\n<\/tr>\n<tr class=\"row-7\">\n\t<td class=\"column-1\">V\u00e4der vid provtillf\u00e4llter<\/td><td class=\"column-2\">Temp: +3 \u2103<br \/>\nNederb\u00f6rd: -<br \/>\nVind: L\u00e4tt<\/td>\n<\/tr>\n<tr class=\"row-8\">\n\t<td class=\"column-1\">Terr\u00e4ng<\/td><td class=\"column-2\">Barrskog, L\u00f6vskog, T\u00e4tningar, Myr-\/mossmark, \u00d6ppen mark\/\u00e5ker, Kuperat<\/td>\n<\/tr>\n<tr class=\"row-9\">\n\t<td class=\"column-1\">Sp\u00e5rstart<\/td><td class=\"column-2\">Tar an sp\u00e5ret bra<\/td>\n<\/tr>\n<tr class=\"row-10\">\n\t<td class=\"column-1\">Str\u00e4cka 1<\/td><td class=\"column-2\">Klarar utan tvekan<\/td>\n<\/tr>\n<tr class=\"row-11\">\n\t<td class=\"column-1\">Vinkel 1<\/td><td class=\"column-2\">Klarar med ringning<\/td>\n<\/tr>\n<tr class=\"row-12\">\n\t<td class=\"column-1\">Str\u00e4cka 2<\/td><td class=\"column-2\">Klarar utan tvekan<\/td>\n<\/tr>\n<tr class=\"row-13\">\n\t<td class=\"column-1\">Vinkel 2<\/td><td class=\"column-2\">Klarar utan tvekan<\/td>\n<\/tr>\n<tr class=\"row-14\">\n\t<td class=\"column-1\">Str\u00e4cka 3<\/td><td class=\"column-2\">Mindre tappt<\/td>\n<\/tr>\n<tr class=\"row-15\">\n\t<td class=\"column-1\">Vinkel 3<\/td><td class=\"column-2\">Klarar med ringning<\/td>\n<\/tr>\n<tr class=\"row-16\">\n\t<td class=\"column-1\">Str\u00e4cka 4<\/td><td class=\"column-2\">Mindre tappt<\/td>\n<\/tr>\n<tr class=\"row-17\">\n\t<td class=\"column-1\">Vinkel 4<\/td><td class=\"column-2\">Klarar utan tvekan<\/td>\n<\/tr>\n<tr class=\"row-18\">\n\t<td class=\"column-1\">Str\u00e4cka 5<\/td><td class=\"column-2\">Klarar utan tvekan<\/td>\n<\/tr>\n<tr class=\"row-19\">\n\t<td class=\"column-1\">Sp\u00e5rslut<\/td><td class=\"column-2\">Klarar utan tvekan<\/td>\n<\/tr>\n<tr class=\"row-20\">\n\t<td class=\"column-1\">Sp\u00e5rningsf\u00f6rm\u00e5ga<\/td><td class=\"column-2\">Utm\u00e4rkt<\/td>\n<\/tr>\n<tr class=\"row-21\">\n\t<td class=\"column-1\">Arbetstempo<\/td><td class=\"column-2\">L\u00e4mpligt<\/td>\n<\/tr>\n<tr class=\"row-22\">\n\t<td class=\"column-1\">Sj\u00e4lvst\u00e4ndighet<\/td><td class=\"column-2\">Ej beh\u00f6vt ingripande\/hj\u00e4lp<\/td>\n<\/tr>\n<tr class=\"row-23\">\n\t<td class=\"column-1\">Skottpr\u00f6vning<\/td><td class=\"column-2\">Godk\u00e4nd<\/td>\n<\/tr>\n<tr class=\"row-24\">\n\t<td class=\"column-1\">Sp\u00e5rtid<\/td><td class=\"column-2\">18 min<\/td>\n<\/tr>\n<tr class=\"row-25\">\n\t<td class=\"column-1\">Provf\u00f6rlopp<\/td><td class=\"column-2\">Tar an bra. Ringar en del - i sp\u00e5r igen.<\/td>\n<\/tr>\n<tr class=\"row-26\">\n\t<td class=\"column-1\">Resultat<\/td><td class=\"column-2\">Godk\u00e4nt anlag<\/td>\n<\/tr>\n<\/tbody>\n<\/table>\n<!-- #tablepress-41 from cache -->\n","protected":false},"excerpt":{"rendered":"","protected":false},"author":1,"featured_media":0,"parent":0,"menu_order":0,"comment_status":"closed","ping_status":"closed","template":"","meta":{"footnotes":""},"class_list":["post-147","page","type-page","status-publish"],"_links":{"self":[{"href":"https:\/\/flatfnatt.duckdns.org\/index.php?rest_route=\/wp\/v2\/pages\/147","targetHints":{"allow":["GET"]}}],"collection":[{"href":"https:\/\/flatfnatt.duckdns.org\/index.php?rest_route=\/wp\/v2\/pages"}],"about":[{"href":"https:\/\/flatfnatt.duckdns.org\/index.php?rest_route=\/wp\/v2\/types\/page"}],"author":[{"embeddable":true,"href":"https:\/\/flatfnatt.duckdns.org\/index.php?rest_route=\/wp\/v2\/users\/1"}],"replies":[{"embeddable":true,"href":"https:\/\/flatfnatt.duckdns.org\/index.php?rest_route=%2Fwp%2Fv2%2Fcomments&post=147"}],"version-history":[{"count":1,"href":"https:\/\/flatfnatt.duckdns.org\/index.php?rest_route=\/wp\/v2\/pages\/147\/revisions"}],"predecessor-version":[{"id":148,"href":"https:\/\/flatfnatt.duckdns.org\/index.php?rest_route=\/wp\/v2\/pages\/147\/revisions\/148"}],"wp:attachment":[{"href":"https:\/\/flatfnatt.duckdns.org\/index.php?rest_route=%2Fwp%2Fv2%2Fmedia&parent=147"}],"curies":[{"name":"wp","href":"https:\/\/api.w.org\/{rel}","templated":true}]}}