{"id":145,"date":"2021-09-20T13:51:43","date_gmt":"2021-09-20T11:51:43","guid":{"rendered":"http:\/\/flatfnatt.duckdns.org\/?page_id=145"},"modified":"2021-09-20T13:51:43","modified_gmt":"2021-09-20T11:51:43","slug":"utstallning-tage","status":"publish","type":"page","link":"https:\/\/flatfnatt.duckdns.org\/?page_id=145","title":{"rendered":"Utst\u00e4llning Tage"},"content":{"rendered":"\n\n<table id=\"tablepress-25\" class=\"tablepress tablepress-id-25\">\n<thead>\n<tr class=\"row-1\">\n\t<th class=\"column-1\">DATUM<\/th><th class=\"column-2\">DOMARE<\/th><th class=\"column-3\">ARRANG\u00d6R\/PLATS<\/th><th class=\"column-4\">KLASS<\/th><th class=\"column-5\">RESULTAT<\/th><th class=\"column-6\">KRITIK<\/th>\n<\/tr>\n<\/thead>\n<tbody class=\"row-striping row-hover\">\n<tr class=\"row-2\">\n\t<td class=\"column-1\">2019-11-02<\/td><td class=\"column-2\">Lena H\u00e4gglund<\/td><td class=\"column-3\">FRK \u00d6stra \/ Haninge<\/td><td class=\"column-4\">\u00d6ppen<\/td><td class=\"column-5\">1-3, HP<\/td><td class=\"column-6\">Kraftfull v\u00e4lutvecklad av utm\u00e4rkt typ. Vackert huvud. Tydligt k\u00f6nspr\u00e4gel. V\u00e4nligt uttryck. Utm\u00e4rkt f\u00f6rbr\u00f6st. V\u00e4lvinklat starkt bakst\u00e4ll. V\u00e4lkroppad. R\u00f6r sig med utm\u00e4rkt steg fr\u00e5n sidan. Slarvar n\u00e5got fram. Utm\u00e4rkt p\u00e4ls. V\u00e4l presenterad.<\/td>\n<\/tr>\n<tr class=\"row-3\">\n\t<td class=\"column-1\">2019-10-12<\/td><td class=\"column-2\">Anne Lise B\u00f8hler<br\/>(Norge)<\/td><td class=\"column-3\">FRK V\u00e4rmland \/ Niklasdamm<\/td><td class=\"column-4\">\u00d6ppen<\/td><td class=\"column-5\">1-3<\/td><td class=\"column-6\">5 \u00e5r gammal hanhund. Bra huvud och uttryck. N\u00e5got kort hals. Bra rygglinje. N\u00e5got kort kors. H\u00e4rligt front. Bra benstomme. Parallell fram och bak. Bra p\u00e4ls. Ok i r\u00f6relse. Halsskinn. V\u00e4lvisad.<\/td>\n<\/tr>\n<tr class=\"row-4\">\n\t<td class=\"column-1\">2019-06-16<\/td><td class=\"column-2\">Vidar Grundetjern<br\/>(Norge)<\/td><td class=\"column-3\">SSRK Sm\u00e5land \/ Gr\u00e4nna<\/td><td class=\"column-4\">\u00d6ppen<\/td><td class=\"column-5\">Excellent<\/td><td class=\"column-6\">Utm\u00e4rkt typ. Gott huvud. God hals som \u00f6nskas torrare. God \u00f6verlinje. N\u00e5got avfallande kors. V\u00e4lvinklad och v\u00e4lg\u00e5ende. God benstomme och tassar. God p\u00e4ls och svans. N\u00e5got tr\u00e5ngt bett.<\/td>\n<\/tr>\n<tr class=\"row-5\">\n\t<td class=\"column-1\">2019-05-04<\/td><td class=\"column-2\">Lena H\u00e4gglund<\/td><td class=\"column-3\">SSRK Gotland \/ Romakloster<\/td><td class=\"column-4\">\u00d6ppen<\/td><td class=\"column-5\">Excellent-1, CK<\/td><td class=\"column-6\">V\u00e4lbyggd. V\u00e4lbalanserad. Av utm\u00e4rkt typ. Huvud med fina proportioner och god k\u00f6nspr\u00e4gel och v\u00e4nligt uttryck. Utm\u00e4rkt \u00f6verlinje och svansaktion. Harmoniska vinklar fram och bak. Bra f\u00f6rbr\u00f6st och kropp. R\u00f6r sig med god parallellitet. Utm\u00e4rkt steg fr\u00e5n sidan. Prima p\u00e4lskvalitet och presentation.<\/td>\n<\/tr>\n<tr class=\"row-6\">\n\t<td class=\"column-1\">2018-12-01<\/td><td class=\"column-2\">Anne Lise B\u00f8hler<br\/>(Norge)<\/td><td class=\"column-3\">FRK V\u00e4stra \/ Uddevalla<\/td><td class=\"column-4\">\u00d6ppen<\/td><td class=\"column-5\">1-4, HP<\/td><td class=\"column-6\">4 \u00e5rig hane. Vacker huvud som inte f\u00e5r blir gr\u00f6vre i skallen. Vackert uttryck. Bra front. Bra \u00f6verlinje men en aning kort i korset. Parallell fram och bak. Bra r\u00f6relser. Bra p\u00e4ls. Bra temperament. V\u00e4lvisad. V\u00e4ldigt tr\u00e5ngt bett.<\/td>\n<\/tr>\n<tr class=\"row-7\">\n\t<td class=\"column-1\">2018-09-02<\/td><td class=\"column-2\">Bart van Maren<br\/>(Nederl\u00e4nderna)<\/td><td class=\"column-3\">SSRK V\u00e4stra \/ Karlsborg<\/td><td class=\"column-4\">\u00d6ppen<\/td><td class=\"column-5\">Excellent<\/td><td class=\"column-6\">4 year old dog of excellent type, pleasing head and expression, good definition earset and carriage, excellent ring attitude, good neck flowing into well laid back shoulder, excellent topline tailset, good return of upper arm, good forechest, good bone and feet, well angulated behind, would prefer to see a little bit more strength in the back on the move, otherwise ok<\/td>\n<\/tr>\n<tr class=\"row-8\">\n\t<td class=\"column-1\">2018-09-01<\/td><td class=\"column-2\">Kerstin Henriksson<\/td><td class=\"column-3\">SSRK V\u00e4stra \/ Karlsborg<\/td><td class=\"column-4\">\u00d6ppen<\/td><td class=\"column-5\">Excellent-3, CK<\/td><td class=\"column-6\">Utm\u00e4rkt proportioner, h\u00e4rligt huvud och uttryck, utm\u00e4rkt hals och \u00f6verlinje, v\u00e4lformad br\u00f6stkorg, mycket bra ben och tassar, korrekt i sin vinkling runt om, r\u00f6r sig med bra stegl\u00e4ngd, korrekt p\u00e4lskvalitet<\/td>\n<\/tr>\n<tr class=\"row-9\">\n\t<td class=\"column-1\">2018-07-28<\/td><td class=\"column-2\">Peter King<\/td><td class=\"column-3\">SKK \/ Rans\u00e4ter<\/td><td class=\"column-4\">\u00d6ppen<\/td><td class=\"column-5\">Excellent<\/td><td class=\"column-6\">4 years old, Very good breedtype, Very good head, Tight sizzorbite, Good eyecolour, Withers set slightly high, Good length of neck,  well set tail. very good depth of ribs, well balanced dog, moves with purpose, good coat, slight wave in coat, good flatcoat on forechest, excellent quality dog<\/td>\n<\/tr>\n<tr class=\"row-10\">\n\t<td class=\"column-1\">2018-06-17<\/td><td class=\"column-2\">Tord Lundborg<\/td><td class=\"column-3\">SSRK Sm\u00e5land \/ Gr\u00e4nna<\/td><td class=\"column-4\">\u00d6ppen<\/td><td class=\"column-5\">Excellent-1<\/td><td class=\"column-6\">Hanhund med utm\u00e4rkt typ, v\u00e4lformat huvud, vacker halsans\u00e4ttning, mycket bra front, korrekt proportioner, b\u00e4r svansen h\u00f6gt i r\u00f6relse, bakbens vinklarna balanserar vinklarna fram, mycket bra p\u00e4lskvalitet<\/td>\n<\/tr>\n<tr class=\"row-11\">\n\t<td class=\"column-1\">2018-05-27<\/td><td class=\"column-2\">Jan Roger Sauge<\/td><td class=\"column-3\">SSRK S\u00f6dra \/ Hasslaro<\/td><td class=\"column-4\">\u00d6ppen<\/td><td class=\"column-5\">Excellent-3<\/td><td class=\"column-6\">Hane av mycket god typ, trevligt huvud och uttryck, bra hals, n\u00e5got kort \u00f6verarm, bra ben och tassar, stark rygg, kunde haft b\u00e4ttre svansans\u00e4ttning, v\u00e4lvinklat bakst\u00e4ll, r\u00f6r sig l\u00e4tt och ledigt, prima p\u00e4lskvalitet<\/td>\n<\/tr>\n<tr class=\"row-12\">\n\t<td class=\"column-1\">2018-05-20<\/td><td class=\"column-2\">Ewa Sch\u00f6\u00f6n<\/td><td class=\"column-3\">Flatterhaft \u00c5rstr\u00e4ff<\/td><td class=\"column-4\">\u00d6ppen<\/td><td class=\"column-5\">1, HP, Bhkl-1, <b>BIR\/BIS<\/b><br\/>(INOFF)<\/td><td class=\"column-6\">4-\u00e5rig hane av utm\u00e4rkt typ, vackert v\u00e4lformat huvud med bruna \u00f6gon, bra f\u00f6rbr\u00f6st och skuldra, stark rygg, utm\u00e4rkt kors. v\u00e4lmusklade l\u00e5r, mycket v\u00e4lvinklad bra, fin p\u00e4ls, v\u00e4lsprungen runt om, mycket fin helhet, bra temperament, v\u00e4lvisad<\/td>\n<\/tr>\n<tr class=\"row-13\">\n\t<td class=\"column-1\">2018-02-24<\/td><td class=\"column-2\">Rebecca Govik<\/td><td class=\"column-3\">V\u00e4stra F\u00e5gelhundsklubben \/ S\u00e4tila<\/td><td class=\"column-4\">\u00d6ppen<\/td><td class=\"column-5\">Excellent-2, HP, Bhkl-2<br\/>(INOFF)<\/td><td class=\"column-6\">3.5 \u00e5rig hane i utm\u00e4rkt storlek, v\u00e4lmejslat huvud med utm\u00e4rkt skalle och stop, utm\u00e4rkt \u00f6gon och \u00f6ron, vacker \u00f6verlinje, mycket bra vinklar fram och bak, v\u00e4l markerat f\u00f6rbr\u00f6st, bra l\u00e4ngd i sin br\u00f6stkorg, kort l\u00e4nd, utm\u00e4rkt musklad, bra tassar, r\u00f6r sig n\u00e5got ostabilt fram, utm\u00e4rkt fr\u00e5n sidan, trevligt temperament, v\u00e4lvisad<\/td>\n<\/tr>\n<tr class=\"row-14\">\n\t<td class=\"column-1\">2017-11-11<\/td><td class=\"column-2\">Marita \u00d6stlund-Holmsten<\/td><td class=\"column-3\">SSRK S\u00f6dra \/ \u00c5storp<\/td><td class=\"column-4\">\u00d6ppen<\/td><td class=\"column-5\">Excellent-3<\/td><td class=\"column-6\">3 \u00e5r, Bra storlek, Fina proportioner, Maskulint v\u00e4lformat huvud, V\u00e4lplacerade mellanbruna \u00f6gon, Starka k\u00e4kar, Bra bett, Starkt pigment i munnen,V\u00e4lplacerade \u00f6ron, Kraftig hals, H\u00f6g manke, Bra \u00f6verlinje, Anv\u00e4nder svansen v\u00e4l vilken inte \u00e4r helt rak, L\u00e5ng br\u00f6stkorg av bra volym, Bra benstomme, Kunde ha en aning l\u00e4ngre \u00f6verarm, Balanserade r\u00f6relser fr\u00e5n alla h\u00e5ll.<\/td>\n<\/tr>\n<tr class=\"row-15\">\n\t<td class=\"column-1\">2017-10-29<\/td><td class=\"column-2\">Bertil Lundgren<\/td><td class=\"column-3\">SSRK \u00d6sterg\u00f6tland \/ Mj\u00f6lby<\/td><td class=\"column-4\">\u00d6ppen<\/td><td class=\"column-5\">Very Good<\/td><td class=\"column-6\">Bra storlek och proportioner, V\u00e4lformat huvud som skulle vara mer maskulint, Bra hals och skuldra, Rak \u00f6verarm, V\u00e4lformad n\u00e5got kort br\u00f6stkorg, L\u00e5ng i l\u00e4nden, Bra rygg och kors, V\u00e4lvinklad bak, R\u00f6r sig med bra drive fr\u00e5n sidan, N\u00e5got vid i fronten, Bra benstomme, Lite f\u00f6r \u00f6ppen p\u00e4ls idag.<\/td>\n<\/tr>\n<tr class=\"row-16\">\n\t<td class=\"column-1\">2017-08-22<\/td><td class=\"column-2\">Nina Skjelbred<br\/>(Norge)<\/td><td class=\"column-3\">SSRK V\u00e4stra \/ Gustavsberg<\/td><td class=\"column-4\">\u00d6ppen<\/td><td class=\"column-5\">Excellent-1, CK<\/td><td class=\"column-6\">3 \u00e5r, Maskulin av utm\u00e4rkt typ, Fin storlek, V\u00e4lproportionerlig, V\u00e4lskuret huvud med vackert uttryck, V\u00e4l ansatta \u00f6ron, Gott markerat f\u00f6rbr\u00f6st, H\u00e4rlig benstomme och tassar, Rastypisk attityd, H\u00e4rlig helhet.<\/td>\n<\/tr>\n<tr class=\"row-17\">\n\t<td class=\"column-1\">2017-07-29<\/td><td class=\"column-2\">Alexandra Wolf<\/td><td class=\"column-3\">FRK Sk\u00e5ne\/Blekinge \/ Njura<\/td><td class=\"column-4\">\u00d6ppen<\/td><td class=\"column-5\">3, CK, Bhkl-4<\/td><td class=\"column-6\">3 \u00e5r, maskulin hane med mycket v\u00e4nligt uttryckt, mycket bra storlek, utm\u00e4rkt front och hals, korrekta vinkla b\u00e5de fram och bak, r\u00f6r sig mycket v\u00e4l fr\u00e5n alla h\u00e5ll, h\u00e4rligt temperament, v\u00e4lvisad.<\/td>\n<\/tr>\n<tr class=\"row-18\">\n\t<td class=\"column-1\">2017-06-18<\/td><td class=\"column-2\">Nenad Davidovic<br\/>(Serbien)<\/td><td class=\"column-3\">SSRK Sm\u00e5land \/ Gr\u00e4nna<\/td><td class=\"column-4\">\u00d6ppen<\/td><td class=\"column-5\">Excellent-4<\/td><td class=\"column-6\">Teeth correct, Excellent condition, Very strong but typical head, Dark eyes, Good pigment, Good up\/down line, Correct tail, Well moving<\/td>\n<\/tr>\n<tr class=\"row-19\">\n\t<td class=\"column-1\">2017-05-28<\/td><td class=\"column-2\">Laurent Pichard<br\/>(Schweiz)<\/td><td class=\"column-3\">SSRK S\u00f6dra \/ Hasslarp<\/td><td class=\"column-4\">\u00d6ppen<\/td><td class=\"column-5\">Excellent-4<\/td><td class=\"column-6\">Well put together. Attractive. 13 months (edit: he is 33 months) old. Beautiful condition. Proper eye form and colour. Excellent feet. Could be a little stronger in topline. Proper angulation.<\/td>\n<\/tr>\n<tr class=\"row-20\">\n\t<td class=\"column-1\">2017-05-27<\/td><td class=\"column-2\">Nils Molin<\/td><td class=\"column-3\">SSRK S\u00f6dra \/ Hasslarp<\/td><td class=\"column-4\">\u00d6ppen<\/td><td class=\"column-5\">Excellent-2, CK, Bhkl-3, <b>R-CERT<\/b><\/td><td class=\"column-6\">Goda proportioner. Vackert maskulint uttryck. Elegant \u00f6verlinje. Bra br\u00f6stkorg. Mycket bra vinklar och bra stegl\u00e4ngd.<\/td>\n<\/tr>\n<tr class=\"row-21\">\n\t<td class=\"column-1\">2017-05-14<\/td><td class=\"column-2\">Linda Bergqvist<\/td><td class=\"column-3\">Flatterhaft \u00c5rstr\u00e4ff<\/td><td class=\"column-4\">\u00d6ppen<\/td><td class=\"column-5\">1-4, HP<\/td><td class=\"column-6\">V\u00e4lmejslat huvud. Bra huvud. V\u00e4l ansatta \u00f6ron. Korrekt bett. Stark nacke. V\u00e4nlig blick. Bra f\u00e4rg. Mycket trevligt temperament. Anv\u00e4nder sin svans hela tiden. En tanke rak \u00f6verarm. R\u00f6r sig l\u00e4tt och smidigt. Underbart temperament.<\/td>\n<\/tr>\n<tr class=\"row-22\">\n\t<td class=\"column-1\">2017-04-23<\/td><td class=\"column-2\">Jennie Andersson<\/td><td class=\"column-3\">FRK V\u00e4stra \/ Uddevalla<\/td><td class=\"column-4\">\u00d6ppen<\/td><td class=\"column-5\">1-4, HP<\/td><td class=\"column-6\">Bra huvud och uttryck. Flott hals och \u00f6verlinje i st\u00e5ende. V\u00e4lvinklad runt om. Utm\u00e4rkt kropp. Korrekt kors. R\u00f6r sig utm\u00e4rkt fr\u00e5n sidan. Kan bli stramare i sin \u00f6verlinje. Trevlig helhet och temperament. V\u00e4lvisad.<\/td>\n<\/tr>\n<tr class=\"row-23\">\n\t<td class=\"column-1\">2017-04-09<\/td><td class=\"column-2\">Jessie Borregaard Madsen<br\/>(Danmark)<\/td><td class=\"column-3\">SSRK V\u00e4stra \/ Kungsbacka<\/td><td class=\"column-4\">\u00d6ppen<\/td><td class=\"column-5\">Excellent<\/td><td class=\"column-6\">Bra l\u00e5ngstr\u00e4ckt huvud, Korrekt bett, Utm\u00e4rkta \u00f6gon och \u00f6gonform, Acceptabel halsl\u00e4ngd, V\u00e4ldefinierat f\u00f6rbr\u00f6st, Normala ben, Lite l\u00f6sa tassar, V\u00e4lansatt svans, V\u00e4lvinklad bak, Utm\u00e4rkta r\u00f6relser fram, Kunde vara mer stabil bak.<\/td>\n<\/tr>\n<tr class=\"row-24\">\n\t<td class=\"column-1\">2017-04-08<\/td><td class=\"column-2\">Jan-Erik Ek<\/td><td class=\"column-3\">SSRK V\u00e4stra \/ Kungsbacka<\/td><td class=\"column-4\">\u00d6ppen<\/td><td class=\"column-5\">Excellent-3<\/td><td class=\"column-6\">Snygg v\u00e4lpresenterad hanhund av utm\u00e4rkt typ, V\u00e4lformat huvud med bra uttryck, Bra hals och skuldra, \u00e4lutvecklad kropp, Bra ben och tassar, R\u00f6r sig bra, Kunde vara fastare fram, Trevligt temperament.<\/td>\n<\/tr>\n<tr class=\"row-25\">\n\t<td class=\"column-1\">2016-11-27<\/td><td class=\"column-2\">Monica Andersson<\/td><td class=\"column-3\">FRK V\u00e4stra \/ Uddevalla<\/td><td class=\"column-4\">Unghund<\/td><td class=\"column-5\">1-<\/td><td class=\"column-6\">Bra proportioner, Bra huvud, Fint uttryck, Bra hals och rygg, N\u00e5got framskjuten skuldra, Bra f\u00f6rbr\u00f6st, R\u00f6r sig bra.<\/td>\n<\/tr>\n<tr class=\"row-26\">\n\t<td class=\"column-1\">2016-07-09<\/td><td class=\"column-2\">Kalvo Kriisk<br\/>(Estland)<\/td><td class=\"column-3\">SSRK V\u00e4rmland \/ Sunne<\/td><td class=\"column-4\">Unghund<\/td><td class=\"column-5\">Excellent-1, CK<\/td><td class=\"column-6\">Excellent type. Correct size with nice body proportions. Sweet head. Kind expression. Good length of neck. Correct topline and tailset. Strong bone. Excellent forechest. Good coat quality and color. Move slightly close behind. Loose a little topline in movement. Excellent temperament. Well showed.<\/td>\n<\/tr>\n<tr class=\"row-27\">\n\t<td class=\"column-1\">2016-05-29<\/td><td class=\"column-2\">Kalvo Kriisk<br\/>(Estland)<\/td><td class=\"column-3\">SSRK S\u00f6dra \/ Hasslarp<\/td><td class=\"column-4\">Unghund<\/td><td class=\"column-5\">Excellent-1, CK, Bhkl-4, <b>R-Cert<\/b><\/td><td class=\"column-6\">Exellent type, Sweet head and kind expression, Good length of neck, Slightly sloap topline, Little short in loin,Balanced angulation, Exellent tailset, Typical coat, Loose topline when mooving, Well handled.<\/td>\n<\/tr>\n<tr class=\"row-28\">\n\t<td class=\"column-1\">2016-05-28<\/td><td class=\"column-2\">Chris Hancock<br\/>(Irland)<\/td><td class=\"column-3\">SSRK S\u00f6dra \/ Hasslarp<\/td><td class=\"column-4\">Unghund<\/td><td class=\"column-5\">Excellent-2<\/td><td class=\"column-6\">Nice type, Good head, Exellent front, Well ribbed body, Very good front, Good topline, Nice deapth of chest, Exellent quarters, Good type of coat.<\/td>\n<\/tr>\n<tr class=\"row-29\">\n\t<td class=\"column-1\">2016-05-22<\/td><td class=\"column-2\">Maria-Luise Doppelreiter<br\/>(\u00d6sterrike)<\/td><td class=\"column-3\">Nordsk\u00e5nska Kennelklubben \/ H\u00e4ssleholm<\/td><td class=\"column-4\">Unghund<\/td><td class=\"column-5\">Excellent-1<\/td><td class=\"column-6\">Lovely type. Beautiful head. Very nice topline and angulations. Should be shown in harder muscle condition. ? movement a bit loose in front.<\/td>\n<\/tr>\n<tr class=\"row-30\">\n\t<td class=\"column-1\">2016-05-15<\/td><td class=\"column-2\">Tord Lundborg<\/td><td class=\"column-3\">SSRK Gotland \/ Roma<\/td><td class=\"column-4\">Unghund<\/td><td class=\"column-5\">Excellent-1<\/td><td class=\"column-6\">Maskulint huvud. Djupt liggande \u00f6gon. V\u00e4l tillbakalagd skuldra. Mycket bra front. Stark rygg. Korrekt kors. V\u00e4l buren svans. Tillr\u00e4ckligt vinklat bakst\u00e4ll. Mycket v\u00e4lg\u00e5ende. Inte b\u00e4sta p\u00e4ls f\u00f6r dagen.<\/td>\n<\/tr>\n<tr class=\"row-31\">\n\t<td class=\"column-1\">2016-05-14<\/td><td class=\"column-2\">Jena Janek<br\/>(Slovakien)<\/td><td class=\"column-3\">SSRK Gotland \/ Roma<\/td><td class=\"column-4\">Unghund<\/td><td class=\"column-5\">Excellent<\/td><td class=\"column-6\">Fint huvud. Bra front. Bra utvecklat br\u00f6st. Skulle kunna ha lite mer maskulint huvud. Bra r\u00f6relse med bra svansf\u00f6ring.<\/td>\n<\/tr>\n<tr class=\"row-32\">\n\t<td class=\"column-1\">2016-04-09<\/td><td class=\"column-2\">Yvonne Larsson<\/td><td class=\"column-3\">SSRK V\u00e4stra \/ Kungsbacka<\/td><td class=\"column-4\">Unghund<\/td><td class=\"column-5\">Excellent-1, CK, Bhkl-4<\/td><td class=\"column-6\">Trevlig flat-modell. Vackert huvud &amp;uttryck. Skulle \u00f6nska b\u00e4ttre benstomme. Bra br\u00f6stkorg. N\u00e5got h\u00f6g has. N\u00e5got l\u00f6sa tassar. R\u00f6r sig OK.<\/td>\n<\/tr>\n<tr class=\"row-33\">\n\t<td class=\"column-1\">2016-01-08<\/td><td class=\"column-2\">B\u00f6rje Johansson<\/td><td class=\"column-3\">V\u00e4stra kennelklubben \/ G\u00f6teborg<\/td><td class=\"column-4\">Junior<\/td><td class=\"column-5\">Excellent<\/td><td class=\"column-6\">Trevlig helhet. Vackert huvud. H\u00e4rligt uttryck. M\u00f6rka \u00f6gon. Utm\u00e4rkt hals. Vacker \u00f6verlinje. L\u00e4tt avfallande kors. V\u00e4lvinklad fram och bak. L\u00e5ng br\u00f6stkorg. H\u00e4rlig kondition. Starka ben. Bra tassar. Fin p\u00e4ls. R\u00f6r sig med bra steg fr\u00e5n sidan. N\u00e5got kort bak. Trevligt visad.<\/td>\n<\/tr>\n<tr class=\"row-34\">\n\t<td class=\"column-1\">2015-11-28<\/td><td class=\"column-2\">Kicki Olsson<br\/>(Kennel Torpedos)<\/td><td class=\"column-3\">FRK V\u00e4stra \/ Uddevalla<\/td><td class=\"column-4\">Junior<\/td><td class=\"column-5\">1, HP<br\/>(INOFF)<\/td><td class=\"column-6\">En 16 m\u00e5naders juniorhane av utm\u00e4rkt typ och storlek. Mycket vackert huvud. Ljuvligt uttryck. Vacker hals. Bra front. Stark rygg. V\u00e4lvinklad fram och bak. Bra ben och tassar. R\u00f6r sig bra fram och bak och med en bra drive fr\u00e5n sidan.<\/td>\n<\/tr>\n<tr class=\"row-35\">\n\t<td class=\"column-1\">2015-11-01<\/td><td class=\"column-2\">Benny Blidh von Schedvin<\/td><td class=\"column-3\">Sm\u00e5land-\u00d6land KK \/ V\u00e4xj\u00f6<\/td><td class=\"column-4\">Junior<\/td><td class=\"column-5\">Excellent-4<\/td><td class=\"column-6\">Maskulint huvud. Lite markerat stop. Bra hals. Bra proportioner. Bra rygglinje. Bra kropp f\u00f6r \u00e5ldern. Lite rak fram. Tillr\u00e4ckligt f\u00f6rbr\u00f6st. V\u00e4lvinklad bak. Bra steg. Lite tr\u00e5ng bak. Bra p\u00e4ls.<\/td>\n<\/tr>\n<tr class=\"row-36\">\n\t<td class=\"column-1\">2015-09-19<\/td><td class=\"column-2\">Lisa Molin<\/td><td class=\"column-3\">Partille BK \/ Partille<\/td><td class=\"column-4\">Junior<\/td><td class=\"column-5\">1, HP, Bhkl-1, BIR<br\/>(INOFF)<\/td><td class=\"column-6\">Utm\u00e4rkt typ och helhet. Maskulin hane med utm\u00e4rkta proportioner. \u00c4delt huvud. M\u00f6rka \u00f6gon. Utm\u00e4rkt bett och pigment. Elegant topline. Tillr\u00e4cklig kropp. V\u00e4lkonstruerad. V\u00e4lvinklad. Utm\u00e4rkt p\u00e4lskvalitet. V\u00e4lg\u00e5ende fr\u00e5n alla h\u00e5ll. Mycket v\u00e4lvisad. Utm\u00e4rkt temperament<\/td>\n<\/tr>\n<tr class=\"row-37\">\n\t<td class=\"column-1\">2015-07-26<\/td><td class=\"column-2\">Alexandra Wolf<\/td><td class=\"column-3\">Flatterhaft \u00c5rstr\u00e4ff<\/td><td class=\"column-4\">Junior<\/td><td class=\"column-5\">2, HP<br\/>(INOFF)<\/td><td class=\"column-6\">11 m\u00e5nader. Mycket vackert huvud och uttryck. Beh\u00f6ver dock bli mer utfylld i huvudet. och nosparti. Stark rygg. V\u00e4lansatt svans. Bra hals och f\u00f6rbr\u00f6st. Bra vinklad. R\u00f6r sig bra fram och tillbaka. R\u00f6r sig bra stegl\u00e4ngd fr\u00e5n sidan. V\u00e4lvisad.<\/td>\n<\/tr>\n<tr class=\"row-38\">\n\t<td class=\"column-1\">2015-04-19<\/td><td class=\"column-2\">Marie Karlsson<\/td><td class=\"column-3\">FRK V\u00e4stra \/ T\u00e5nga Hed<\/td><td class=\"column-4\">Valp II<\/td><td class=\"column-5\">1, HP, BIM<br\/>(INOFF)<\/td><td class=\"column-6\">Mycket lovande valp. Vackert v\u00e4lformat huvud. M\u00f6rka \u00f6gon. Korrekt bett. Bra hals. Stark rygg. V\u00e4lburen svans. Utm\u00e4rkt kropp f\u00f6r \u00e5ldern. Harmoniskt vinklad. Bra ben och tassar. R\u00f6r sig trevligt f\u00f6r \u00e5ldern. Positiv och glad valp.<\/td>\n<\/tr>\n<tr class=\"row-39\">\n\t<td class=\"column-1\">2015-04-12<\/td><td class=\"column-2\">Leif Ragnar Hjorth<br\/>(Norge)<\/td><td class=\"column-3\">SSRK V\u00e4stra \/ Kungsbacka<\/td><td class=\"column-4\">Valp II<\/td><td class=\"column-5\">4, HP<\/td><td class=\"column-6\">8 m\u00e5nader. Goda propertioner i huvud och kropp. Korrekt bett. Sunda \u00f6gon. Tillr\u00e4cklig l\u00e4ngd p\u00e5 halsen. V\u00e4lvinklad. God l\u00e4ngd p\u00e5 br\u00f6stkorgen. Korrekt svans. Lovande p\u00e4ls. R\u00f6r sig bra. Mycket lovande valp.<\/td>\n<\/tr>\n<tr class=\"row-40\">\n\t<td class=\"column-1\">2015-04-11<\/td><td class=\"column-2\">Bertil Lundgren<\/td><td class=\"column-3\">SSRK V\u00e4stra \/ Kungsbacka<\/td><td class=\"column-4\">Valp II<\/td><td class=\"column-5\">4<\/td><td class=\"column-6\">Mycket bra proportioner. Tillr\u00e4ckligt maskulint huvud som beh\u00f6ver fylla ut i nospartiet. N\u00e5got kort hals och \u00f6ppna vinklar fram. V\u00e4lformad br\u00f6stkorg. Kort stark l\u00e4nd. stark rygg. N\u00e5got fallande kors. V\u00e4lvinklad bak. R\u00f6r sig med tillr\u00e4ckligt steg men \u00e4r lite bunden i sina r\u00f6relser. Bra benstomme och p\u00e4ls. V\u00e4lvisad.<\/td>\n<\/tr>\n<tr class=\"row-41\">\n\t<td class=\"column-1\">2015-03-22<\/td><td class=\"column-2\">Theres Johansson<\/td><td class=\"column-3\">SSRK G\u00e4vleborg \/ H\u00f6gbo<\/td><td class=\"column-4\">Valp II<\/td><td class=\"column-5\">1, HP, BIM<\/td><td class=\"column-6\">Trevlig 7-m\u00e5naders hane. Fint v\u00e4lskuret huvud med korrekt bett. Fin topline. Lite rakst\u00e4lld \u00f6verarm. Tillr\u00e4ckligt f\u00f6rbr\u00f6st. Tillr\u00e4cklig v\u00e4lvning \u00f6ver br\u00f6stkorgen. Fint kors och kn\u00e4vinkel. Passande benstomme. Lite tunna platta tassar. R\u00f6r sig trevligt runt om. Trevligt temperament.<\/td>\n<\/tr>\n<tr class=\"row-42\">\n\t<td class=\"column-1\">2015-03-08<\/td><td class=\"column-2\">Joakim Ohlsson<\/td><td class=\"column-3\">SSRK Sm\u00e5land \/ Moheda<\/td><td class=\"column-4\">Valp II<\/td><td class=\"column-5\">3<\/td><td class=\"column-6\">6 m\u00e5nader. Trevlig helhet. V\u00e4lformat maskulint huvud. Aningen stora \u00f6ron. Tillr\u00e4cklig hals. N\u00e5got framskjuten skuldra. Utm\u00e4rkt f\u00f6rbr\u00f6st. Tillr\u00e4cklig br\u00f6stkorg. Korrekt vinklat bakst\u00e4ll. N\u00e5got platta tassar. R\u00f6r sig parallellt. Kunde ha mer drive fr\u00e5n sidan.<\/td>\n<\/tr>\n<tr class=\"row-43\">\n\t<td class=\"column-1\">2015-02-28<\/td><td class=\"column-2\">Paula Sunebring<\/td><td class=\"column-3\">V\u00e4stra F\u00e5gelhundsklubben \/ S\u00e4tila<\/td><td class=\"column-4\">Valp<\/td><td class=\"column-5\">1, HP, BIR, BIG-3<\/td><td class=\"column-6\">Trevlig hanvalp. Bra huvud. En aning djupt liggande \u00f6gon. Bett utan anm\u00e4rkning. Mycket bra hals och rygg. V\u00e4l markerat f\u00f6rbr\u00f6st. V\u00e4lformad br\u00f6stkorg. V\u00e4lvinklad. Mycket bra r\u00f6relser f\u00f6r sin \u00e5lder. Mycket bra p\u00e4ls och f\u00e4rg.<\/td>\n<\/tr>\n<tr class=\"row-44\">\n\t<td class=\"column-1\">2015-02-08<\/td><td class=\"column-2\">Hans Rosenberg<\/td><td class=\"column-3\">SSRK \u00d6sterg\u00f6tland \/ Mj\u00f6lby<\/td><td class=\"column-4\">Valp II<\/td><td class=\"column-5\">2<\/td><td class=\"column-6\">Ung och g\u00e4nglig pojke under utveckling, \u00d6nskar mer styrka i huvudet, Bra uttryck, Bra hals och skuldra,  Tillr\u00e4cklig benstomme, N\u00e5got mjuka tassar, N\u00e5got brant i ditt kors, R\u00f6r sig med bra steg fr\u00e5n sidan, Bra p\u00e4lsstruktur.<\/td>\n<\/tr>\n<tr class=\"row-45\">\n\t<td class=\"column-1\">2015-01-10<\/td><td class=\"column-2\">Hans Ole Stenbro<br\/>(Norge)<\/td><td class=\"column-3\">FRK V\u00e4stra \/ Uddevalla<\/td><td class=\"column-4\">Valp I<\/td><td class=\"column-5\">1, HP, BIM<\/td><td class=\"column-6\">5 m\u00e5nader gammal av mycket god typ. Bra huvud och uttryck. Bra bett. Mycket bra \u00f6verlinje, hals och vinklar. Parallell fram och bak. R\u00f6r sig med bra stegl\u00e4ngd f\u00f6r \u00e5ldern. Bra temperament. Bra ben och tassar. Bra p\u00e4ls v\u00e4lvisad.<\/td>\n<\/tr>\n<\/tbody>\n<\/table>\n<!-- #tablepress-25 from cache -->\n","protected":false},"excerpt":{"rendered":"","protected":false},"author":1,"featured_media":0,"parent":0,"menu_order":0,"comment_status":"closed","ping_status":"closed","template":"","meta":{"footnotes":""},"class_list":["post-145","page","type-page","status-publish"],"_links":{"self":[{"href":"https:\/\/flatfnatt.duckdns.org\/index.php?rest_route=\/wp\/v2\/pages\/145","targetHints":{"allow":["GET"]}}],"collection":[{"href":"https:\/\/flatfnatt.duckdns.org\/index.php?rest_route=\/wp\/v2\/pages"}],"about":[{"href":"https:\/\/flatfnatt.duckdns.org\/index.php?rest_route=\/wp\/v2\/types\/page"}],"author":[{"embeddable":true,"href":"https:\/\/flatfnatt.duckdns.org\/index.php?rest_route=\/wp\/v2\/users\/1"}],"replies":[{"embeddable":true,"href":"https:\/\/flatfnatt.duckdns.org\/index.php?rest_route=%2Fwp%2Fv2%2Fcomments&post=145"}],"version-history":[{"count":1,"href":"https:\/\/flatfnatt.duckdns.org\/index.php?rest_route=\/wp\/v2\/pages\/145\/revisions"}],"predecessor-version":[{"id":146,"href":"https:\/\/flatfnatt.duckdns.org\/index.php?rest_route=\/wp\/v2\/pages\/145\/revisions\/146"}],"wp:attachment":[{"href":"https:\/\/flatfnatt.duckdns.org\/index.php?rest_route=%2Fwp%2Fv2%2Fmedia&parent=145"}],"curies":[{"name":"wp","href":"https:\/\/api.w.org\/{rel}","templated":true}]}}