{"id":141,"date":"2021-09-20T13:50:58","date_gmt":"2021-09-20T11:50:58","guid":{"rendered":"http:\/\/flatfnatt.duckdns.org\/?page_id=141"},"modified":"2021-09-20T13:58:31","modified_gmt":"2021-09-20T11:58:31","slug":"om-tage","status":"publish","type":"page","link":"https:\/\/flatfnatt.duckdns.org\/?page_id=141","title":{"rendered":"Om Tage"},"content":{"rendered":"\n\n<table id=\"tablepress-27\" class=\"tablepress tablepress-id-27\">\n<thead>\n<tr class=\"row-1\">\n\t<th class=\"column-1\">FAKTA<\/th><th class=\"column-2\"><!-- Last updated 2015-04-02 --><\/th>\n<\/tr>\n<\/thead>\n<tbody class=\"row-striping row-hover\">\n<tr class=\"row-2\">\n\t<td class=\"column-1\">Ras<\/td><td class=\"column-2\">Flatcoated Retriever<\/td>\n<\/tr>\n<tr class=\"row-3\">\n\t<td class=\"column-1\">K\u00f6n<\/td><td class=\"column-2\">Hane<\/td>\n<\/tr>\n<tr class=\"row-4\">\n\t<td class=\"column-1\">Namn<\/td><td class=\"column-2\">Flatterhaft Take-Took-Taken<\/td>\n<\/tr>\n<tr class=\"row-5\">\n\t<td class=\"column-1\">F\u00f6dd<\/td><td class=\"column-2\">2014-08-05<\/td>\n<\/tr>\n<tr class=\"row-6\">\n\t<td class=\"column-1\">Reg.Nr.<\/td><td class=\"column-2\">SE 49665\/2014<\/td>\n<\/tr>\n<tr class=\"row-7\">\n\t<td class=\"column-1\">Uppf\u00f6dare<\/td><td class=\"column-2\">Anneli Karlsson, Olsfors (Kennel Flatterhaft)<\/td>\n<\/tr>\n<tr class=\"row-8\">\n\t<td class=\"column-1\">Far<\/td><td class=\"column-2\">SE U(U)CH Karlavagnens Foppa-De-Tess<\/td>\n<\/tr>\n<tr class=\"row-9\">\n\t<td class=\"column-1\">Mor<\/td><td class=\"column-2\">SE U(U)CH Flatterhaft Lois Lane<\/td>\n<\/tr>\n<tr class=\"row-10\">\n\t<td class=\"column-1\">F\u00e4rg<\/td><td class=\"column-2\">BBEE (Endast svarta anlag)<\/td>\n<\/tr>\n<tr class=\"row-11\">\n\t<td class=\"column-1\">HD<\/td><td class=\"column-2\">Ej r\u00f6ntgad \u00e4n.<\/td>\n<\/tr>\n<tr class=\"row-12\">\n\t<td class=\"column-1\">ED<\/td><td class=\"column-2\">Ej r\u00f6ntgad \u00e4n.<\/td>\n<\/tr>\n<tr class=\"row-13\">\n\t<td class=\"column-1\">\u00d6gon<\/td><td class=\"column-2\">Ej \u00f6gonlyst \u00e4n<\/td>\n<\/tr>\n<tr class=\"row-14\">\n\t<td class=\"column-1\">Mankh\u00f6jd<\/td><td class=\"column-2\">Ej m\u00e4tt \u00e4n<\/td>\n<\/tr>\n<\/tbody>\n<\/table>\n<!-- #tablepress-27 from cache -->\n\n\n\n\n<table id=\"tablepress-29\" class=\"tablepress tablepress-id-29\">\n<thead>\n<tr class=\"row-1\">\n\t<th class=\"column-1\">MERITER<\/th><td class=\"column-2\"><\/td>\n<\/tr>\n<\/thead>\n<tbody class=\"row-striping row-hover\">\n<tr class=\"row-2\">\n\t<td class=\"column-1\">Jaktprov<\/td><td class=\"column-2\">-<\/td>\n<\/tr>\n<tr class=\"row-3\">\n\t<td class=\"column-1\">Viltsp\u00e5r<\/td><td class=\"column-2\">Godk\u00e4nt anlagsprov<\/td>\n<\/tr>\n<tr class=\"row-4\">\n\t<td class=\"column-1\">Bruks<\/td><td class=\"column-2\">-<\/td>\n<\/tr>\n<tr class=\"row-5\">\n\t<td class=\"column-1\">Utst\u00e4llning<\/td><td class=\"column-2\">2 x R-Cert (2016-05-29, 2017-05-27)<br\/><br \/>\n1 x BIR Valp 2 (2015-09-19)<br\/><br \/>\n2 x BIM Valp 2 (2015-03-22, 2015-04-19)<br\/><br \/>\n1 x BIR Valp 1 (2015-02-28)<br\/><br \/>\n1 x BIM Valp 1 (2015-01-10)<br\/><br \/>\n9 x CK (SKK &amp; SSRK)<br\/><\/td>\n<\/tr>\n<tr class=\"row-6\">\n\t<td class=\"column-1\">\u00d6vrigt<\/td><td class=\"column-2\">Blodgivare p\u00e5 V\u00e4stra Djursjukhuset i G\u00f6teborg<\/td>\n<\/tr>\n<\/tbody>\n<\/table>\n<!-- #tablepress-29 from cache -->\n","protected":false},"excerpt":{"rendered":"","protected":false},"author":1,"featured_media":0,"parent":0,"menu_order":0,"comment_status":"closed","ping_status":"closed","template":"","meta":{"footnotes":""},"class_list":["post-141","page","type-page","status-publish"],"_links":{"self":[{"href":"https:\/\/flatfnatt.duckdns.org\/index.php?rest_route=\/wp\/v2\/pages\/141","targetHints":{"allow":["GET"]}}],"collection":[{"href":"https:\/\/flatfnatt.duckdns.org\/index.php?rest_route=\/wp\/v2\/pages"}],"about":[{"href":"https:\/\/flatfnatt.duckdns.org\/index.php?rest_route=\/wp\/v2\/types\/page"}],"author":[{"embeddable":true,"href":"https:\/\/flatfnatt.duckdns.org\/index.php?rest_route=\/wp\/v2\/users\/1"}],"replies":[{"embeddable":true,"href":"https:\/\/flatfnatt.duckdns.org\/index.php?rest_route=%2Fwp%2Fv2%2Fcomments&post=141"}],"version-history":[{"count":2,"href":"https:\/\/flatfnatt.duckdns.org\/index.php?rest_route=\/wp\/v2\/pages\/141\/revisions"}],"predecessor-version":[{"id":161,"href":"https:\/\/flatfnatt.duckdns.org\/index.php?rest_route=\/wp\/v2\/pages\/141\/revisions\/161"}],"wp:attachment":[{"href":"https:\/\/flatfnatt.duckdns.org\/index.php?rest_route=%2Fwp%2Fv2%2Fmedia&parent=141"}],"curies":[{"name":"wp","href":"https:\/\/api.w.org\/{rel}","templated":true}]}}