{"id":1405,"date":"2021-12-06T13:17:30","date_gmt":"2021-12-06T12:17:30","guid":{"rendered":"http:\/\/flatfnatt.duckdns.org\/?page_id=1405"},"modified":"2021-12-06T13:17:30","modified_gmt":"2021-12-06T12:17:30","slug":"utstallning-glenn","status":"publish","type":"page","link":"https:\/\/flatfnatt.duckdns.org\/?page_id=1405","title":{"rendered":"Utst\u00e4llning Glenn"},"content":{"rendered":"\n<table id=\"tablepress-74\" class=\"tablepress tablepress-id-74\">\n<thead>\n<tr class=\"row-1\">\n\t<th class=\"column-1\">DATUM<\/th><th class=\"column-2\">DOMARE<\/th><th class=\"column-3\">ARRANG\u00d6R\/PLATS<\/th><th class=\"column-4\">KLASS<\/th><th class=\"column-5\">RESULTAT<\/th><th class=\"column-6\">KRITIK<\/th>\n<\/tr>\n<\/thead>\n<tbody class=\"row-striping row-hover\">\n<tr class=\"row-2\">\n\t<td class=\"column-1\">2022-04-16<\/td><td class=\"column-2\">Seija Wahlstr\u00f6m<\/td><td class=\"column-3\">Br\u00e4nnebacka BK \/ T\u00e5nga Hed<\/td><td class=\"column-4\">Valp 2<\/td><td class=\"column-5\">1, HP, BIR<\/td><td class=\"column-6\">En fr\u00f6jd f\u00f6r \u00f6gat. Mycket \u00e4delt fint huvud med bra uttryck. Korrekt (bett?). Mycket bra hals.??? vinklar runt om. Mycket bra br\u00f6stdjup. Bra p\u00e4ls pch f\u00e4rg. Trevligt temperament. R\u00f6r sig v\u00e4l.<\/td>\n<\/tr>\n<tr class=\"row-3\">\n\t<td class=\"column-1\">2022-04-02<\/td><td class=\"column-2\">Cecilia Edberg<\/td><td class=\"column-3\">FRK \u00d6stra \/ Uppsala<\/td><td class=\"column-4\">Valp 2<\/td><td class=\"column-5\">2<\/td><td class=\"column-6\">Stram hanvalp under utveckling, bra benstomme, fina proportioner, bra p\u00e4ls, stark rygg, v\u00e4lvinklad bak men n\u00e5got knapp fram, h\u00e4rlig attityd, v\u00e4lpresenterad<\/td>\n<\/tr>\n<tr class=\"row-4\">\n\t<td class=\"column-1\">2022-03-13<\/td><td class=\"column-2\">Caroline Lundqvist<\/td><td class=\"column-3\">SSRK \u00d6sterg\u00f6tland \/ Mj\u00f6lby<\/td><td class=\"column-4\">Valp 2<\/td><td class=\"column-5\">2, HP<\/td><td class=\"column-6\">Lovande hane med fina proportioner. Vackert huvud och uttryck med bra skalle och nosparti. V\u00e4lansatta \u00f6ron. Vacker hals. Bra rygg. V\u00e4lansatt svans. Tillr\u00e4cklig kropp f\u00f6r \u00e5ldern. Mycket bra l\u00e4ngd p\u00e5 br\u00f6stkorg. V\u00e4lutvecklat baskst\u00e4ll. R\u00f6r sig harmonislt med bra stegl\u00e4ngd. N\u00e5got hastr\u00e5ng bak. Mycket bra p\u00e4lskvalitet. H\u00e4rligt temperament. Trevligt presenterad.<\/td>\n<\/tr>\n<tr class=\"row-5\">\n\t<td class=\"column-1\">2021-11-27<\/td><td class=\"column-2\">Theres Johasson<\/td><td class=\"column-3\">FRK V\u00e4stra \/ Speker\u00f6d<\/td><td class=\"column-4\">Valp 1<\/td><td class=\"column-5\">1-HP, <b>BIR\/BIS<\/b><\/td><td class=\"column-6\">Glad kille, tilltalande huvud, v\u00e4lplacerade \u00f6ron, v\u00e4lformade \u00f6gon och skulderplacering, n\u00e5got rak \u00f6verarm, bra v\u00e4lvning i br\u00f6stkorg, utm\u00e4rkt rygglinje, kors och kn\u00e4vinkel, t\u00e5ar ut n\u00e5got fram, utm\u00e4rkt benstomme, trevligt temp, utm\u00e4rkt h\u00e5rlag, r\u00f6r sig trevligt runt om<\/td>\n<\/tr>\n<\/tbody>\n<\/table>\n<!-- #tablepress-74 from cache -->\n","protected":false},"excerpt":{"rendered":"","protected":false},"author":1,"featured_media":0,"parent":0,"menu_order":0,"comment_status":"closed","ping_status":"closed","template":"","meta":{"footnotes":""},"class_list":["post-1405","page","type-page","status-publish"],"_links":{"self":[{"href":"https:\/\/flatfnatt.duckdns.org\/index.php?rest_route=\/wp\/v2\/pages\/1405","targetHints":{"allow":["GET"]}}],"collection":[{"href":"https:\/\/flatfnatt.duckdns.org\/index.php?rest_route=\/wp\/v2\/pages"}],"about":[{"href":"https:\/\/flatfnatt.duckdns.org\/index.php?rest_route=\/wp\/v2\/types\/page"}],"author":[{"embeddable":true,"href":"https:\/\/flatfnatt.duckdns.org\/index.php?rest_route=\/wp\/v2\/users\/1"}],"replies":[{"embeddable":true,"href":"https:\/\/flatfnatt.duckdns.org\/index.php?rest_route=%2Fwp%2Fv2%2Fcomments&post=1405"}],"version-history":[{"count":1,"href":"https:\/\/flatfnatt.duckdns.org\/index.php?rest_route=\/wp\/v2\/pages\/1405\/revisions"}],"predecessor-version":[{"id":1406,"href":"https:\/\/flatfnatt.duckdns.org\/index.php?rest_route=\/wp\/v2\/pages\/1405\/revisions\/1406"}],"wp:attachment":[{"href":"https:\/\/flatfnatt.duckdns.org\/index.php?rest_route=%2Fwp%2Fv2%2Fmedia&parent=1405"}],"curies":[{"name":"wp","href":"https:\/\/api.w.org\/{rel}","templated":true}]}}